{"id":2396,"date":"2026-02-22T00:27:17","date_gmt":"2026-02-21T23:27:17","guid":{"rendered":"https:\/\/alanigroup.de\/?post_type=product&#038;p=2396"},"modified":"2026-02-22T05:18:59","modified_gmt":"2026-02-22T04:18:59","slug":"alani-smartthermo-geschenkflasche-500ml","status":"publish","type":"product","link":"https:\/\/alanigroup.de\/?product=alani-smartthermo-geschenkflasche-500ml","title":{"rendered":"ALANI SmartThermo Geschenkflasche 500ml"},"content":{"rendered":"<p>Die ALANI SmartThermo Flasche kombiniert modernes Design mit langlebiger Qualit\u00e4t. mit 3 Kaffee Tassen<br \/>\nGefertigt aus hochwertigem Edelstahl h\u00e4lt sie Getr\u00e4nke \u00fcber Stunden hei\u00df oder kalt und ist perfekt f\u00fcr Alltag, B\u00fcro oder Outdoor.<\/p>\n<p>Das Design wird entweder dauerhaft graviert oder hochwertig aufgebracht \u2013 kein Verblassen, kein Abl\u00f6sen.<\/p>\n<p>\u2714 500ml Fassungsverm\u00f6gen<br \/>\n\u2714 Doppelwand-Isolation<br \/>\n\u2714 Gravur oder Vinyl Design m\u00f6glich<br \/>\n\u2714 Robustes Premium Material<br \/>\n\u2714 Perfekt als Geschenk<\/p>\n<p>Ein Produkt f\u00fcr Menschen, die Qualit\u00e4t f\u00fchlen wollen.<\/p>\n<div class=\"w-full my-4\">\n<div class=\"\">\n<div class=\"relative\">\n<div class=\"h-full min-h-0 min-w-0\">\n<div class=\"h-full min-h-0 min-w-0\">\n<div class=\"border corner-superellipse\/1.1 border-token-border-light bg-token-bg-elevated-secondary rounded-3xl\">\n<div class=\"corner-superellipse\/1.1 rounded-3xl bg-token-bg-elevated-secondary\">\n<div class=\"relative z-0 flex max-w-full\">\n<div id=\"code-block-viewer\" class=\"q9tKkq_viewer cm-editor z-10 light:cm-light dark:cm-light flex h-full w-full flex-col items-stretch \u037c5 \u037cj\" dir=\"ltr\">\n<div class=\"cm-scroller\">\n<div class=\"cm-content q9tKkq_readonly\"><\/div>\n<\/div>\n<\/div>\n<\/div>\n<\/div>\n<\/div>\n<\/div>\n<\/div>\n<div class=\"\">\n<div class=\"\"><\/div>\n<\/div>\n<\/div>\n<\/div>\n<\/div>\n","protected":false},"excerpt":{"rendered":"<p>Premium Edelstahl Thermoflasche mit Gravur oder Vinyl-Design. H\u00e4lt Getr\u00e4nke stundenlang hei\u00df oder kalt \u2013 ideal f\u00fcr B\u00fcro, Reisen und Geschenke.<\/p>\n<div class=\"w-full my-4\">\n<div class=\"\">\n<div class=\"relative\">\n<div class=\"h-full min-h-0 min-w-0\">\n<div class=\"h-full min-h-0 min-w-0\">\n<div class=\"border corner-superellipse\/1.1 border-token-border-light bg-token-bg-elevated-secondary rounded-3xl\">\n<div class=\"corner-superellipse\/1.1 rounded-3xl bg-token-bg-elevated-secondary\">\n<div class=\"relative z-0 flex max-w-full\">\n<div id=\"code-block-viewer\" class=\"q9tKkq_viewer cm-editor z-10 light:cm-light dark:cm-light flex h-full w-full flex-col items-stretch \u037c5 \u037cj\" dir=\"ltr\">\n<div class=\"cm-scroller\">\n<div class=\"cm-content q9tKkq_readonly\">Bestseller Geschenkidee<\/div>\n<\/div>\n<\/div>\n<\/div>\n<\/div>\n<\/div>\n<\/div>\n<\/div>\n<div class=\"\">\n<div class=\"\">\u2714 Hochwertige Materialien<br \/>\n\u2714 Schnelle Produktion<br \/>\n\u2714 Versand aus Deutschland<\/div>\n<div>\n<div id=\"primary\" class=\"content-area\">\n<p>&nbsp;<\/p>\n<div id=\"product-2396\" class=\"product type-product post-2396 status-draft first instock product_cat-becher product_cat-geschenke product_cat-thermobecher product_tag-edelstahl product_tag-geschenkidee product_tag-personalisierbar product_tag-premium-qualitat product_tag-thermosflasche sale purchasable product-type-variable\">\n<div class=\"woocommerce-tabs wc-tabs-wrapper\">\n<div id=\"tab-description\" class=\"woocommerce-Tabs-panel woocommerce-Tabs-panel--description panel entry-content wc-tab\" role=\"tabpanel\" aria-labelledby=\"tab-title-description\">\n<div class=\"w-full my-4\">\n<div class=\"\">\n<div class=\"relative\">\n<div class=\"h-full min-h-0 min-w-0\">\n<div class=\"h-full min-h-0 min-w-0\">\n<div class=\"border corner-superellipse\/1.1 border-token-border-light bg-token-bg-elevated-secondary rounded-3xl\">\n<div class=\"corner-superellipse\/1.1 rounded-3xl bg-token-bg-elevated-secondary\">\n<div class=\"relative z-0 flex max-w-full\">\n<div id=\"code-block-viewer\" class=\"q9tKkq_viewer cm-editor z-10 light:cm-light dark:cm-light flex h-full w-full flex-col items-stretch \u037c5 \u037cj\" dir=\"ltr\">\n<div class=\"cm-scroller\">\n<div class=\"cm-content q9tKkq_readonly\">Jetzt personalisieren &amp; bestellen<\/div>\n<\/div>\n<\/div>\n<\/div>\n<\/div>\n<\/div>\n<\/div>\n<\/div>\n<div class=\"\">\n<div class=\"\"><\/div>\n<\/div>\n<\/div>\n<\/div>\n<\/div>\n<\/div>\n<\/div>\n<\/div>\n<p>&nbsp;<\/p>\n<\/div>\n<footer id=\"site-footer\" class=\"site-footer dynamic-footer footer-has-copyright\">\n<div class=\"footer-inner\">\n<div class=\"site-branding show-logo\">\n<div class=\"site-logo show\"><\/div>\n<\/div>\n<\/div>\n<\/footer>\n<\/div>\n<\/div>\n<\/div>\n<\/div>\n<\/div>\n","protected":false},"featured_media":2477,"comment_status":"open","ping_status":"closed","template":"","meta":[],"product_brand":[26],"product_cat":[103,105,104],"product_tag":[111,107,108,109,110,106],"class_list":{"0":"post-2396","1":"product","2":"type-product","3":"status-publish","4":"has-post-thumbnail","6":"product_brand-alani","7":"product_cat-becher","8":"product_cat-geschenke","9":"product_cat-thermobecher","10":"product_tag-bestseller-geschenkidee","11":"product_tag-edelstahl","12":"product_tag-geschenkidee","13":"product_tag-personalisierbar","14":"product_tag-premium-qualitat","15":"product_tag-thermosflasche","17":"first","18":"instock","19":"sale","20":"purchasable","21":"product-type-variable"},"_links":{"self":[{"href":"https:\/\/alanigroup.de\/index.php?rest_route=\/wp\/v2\/product\/2396","targetHints":{"allow":["GET"]}}],"collection":[{"href":"https:\/\/alanigroup.de\/index.php?rest_route=\/wp\/v2\/product"}],"about":[{"href":"https:\/\/alanigroup.de\/index.php?rest_route=\/wp\/v2\/types\/product"}],"replies":[{"embeddable":true,"href":"https:\/\/alanigroup.de\/index.php?rest_route=%2Fwp%2Fv2%2Fcomments&post=2396"}],"wp:featuredmedia":[{"embeddable":true,"href":"https:\/\/alanigroup.de\/index.php?rest_route=\/wp\/v2\/media\/2477"}],"wp:attachment":[{"href":"https:\/\/alanigroup.de\/index.php?rest_route=%2Fwp%2Fv2%2Fmedia&parent=2396"}],"wp:term":[{"taxonomy":"product_brand","embeddable":true,"href":"https:\/\/alanigroup.de\/index.php?rest_route=%2Fwp%2Fv2%2Fproduct_brand&post=2396"},{"taxonomy":"product_cat","embeddable":true,"href":"https:\/\/alanigroup.de\/index.php?rest_route=%2Fwp%2Fv2%2Fproduct_cat&post=2396"},{"taxonomy":"product_tag","embeddable":true,"href":"https:\/\/alanigroup.de\/index.php?rest_route=%2Fwp%2Fv2%2Fproduct_tag&post=2396"}],"curies":[{"name":"wp","href":"https:\/\/api.w.org\/{rel}","templated":true}]}}