{"id":2092,"date":"2026-02-11T19:34:20","date_gmt":"2026-02-11T18:34:20","guid":{"rendered":"https:\/\/alanigroup.de\/?page_id=2092"},"modified":"2026-02-15T02:29:47","modified_gmt":"2026-02-15T01:29:47","slug":"about-us","status":"publish","type":"page","link":"https:\/\/alanigroup.de\/?page_id=2092","title":{"rendered":"\u00dcber uns"},"content":{"rendered":"\t\t<div data-elementor-type=\"wp-page\" data-elementor-id=\"2092\" class=\"elementor elementor-2092\">\n\t\t\t\t<div class=\"elementor-element elementor-element-e0b5839 e-flex e-con-boxed e-con e-parent\" data-id=\"e0b5839\" data-element_type=\"container\" data-e-type=\"container\" data-settings=\"{&quot;background_background&quot;:&quot;gradient&quot;}\">\n\t\t\t\t\t<div class=\"e-con-inner\">\n\t\t\t\t<div class=\"elementor-element elementor-element-90bc75d elementor-widget elementor-widget-heading\" data-id=\"90bc75d\" data-element_type=\"widget\" data-e-type=\"widget\" data-widget_type=\"heading.default\">\n\t\t\t\t<div class=\"elementor-widget-container\">\n\t\t\t\t\t<h2 class=\"elementor-heading-title elementor-size-default\">\u00dcber ALANI<\/h2>\t\t\t\t<\/div>\n\t\t\t\t<\/div>\n\t\t\t\t<div class=\"elementor-element elementor-element-ee923fe elementor-widget elementor-widget-heading\" data-id=\"ee923fe\" data-element_type=\"widget\" data-e-type=\"widget\" data-widget_type=\"heading.default\">\n\t\t\t\t<div class=\"elementor-widget-container\">\n\t\t\t\t\t<h2 class=\"elementor-heading-title elementor-size-default\">Premium Druckl\u00f6sungen \u2013 individuell gefertigt mit Pr\u00e4zision.\n<\/h2>\t\t\t\t<\/div>\n\t\t\t\t<\/div>\n\t\t\t\t<div class=\"elementor-element elementor-element-33706be elementor-widget elementor-widget-text-editor\" data-id=\"33706be\" data-element_type=\"widget\" data-e-type=\"widget\" data-widget_type=\"text-editor.default\">\n\t\t\t\t<div class=\"elementor-widget-container\">\n\t\t\t\t\t\t\t\t\t<blockquote data-start=\"217\" data-end=\"925\"><p data-start=\"219\" data-end=\"273\">Willkommen bei <strong data-start=\"234\" data-end=\"271\">ALANI \u2013 Your Ideas, Our Creation.<\/strong><\/p><p data-start=\"280\" data-end=\"448\">Wir sind ein kreatives Tech-Design Studio mit Sitz in Deutschland, spezialisiert auf ma\u00dfgeschneiderte Produkte und digitale L\u00f6sungen f\u00fcr Privatkunden und Unternehmen.<\/p><p data-start=\"455\" data-end=\"517\">Unsere Leistungen verbinden Technologie, Design und Pr\u00e4zision:<\/p><p data-start=\"524\" data-end=\"727\">\u2022 Individueller Textildruck (Sublimation&amp; DTF )<br data-start=\"557\" data-end=\"560\" \/>\u2022 Lasergravuren auf Holz, Glas &amp; Leder<br data-start=\"600\" data-end=\"603\" \/>\u2022 3D-Druck nach Wunsch<br data-start=\"627\" data-end=\"630\" \/>\u2022 Branding &amp; Logo Design<br data-start=\"656\" data-end=\"659\" \/>\u2022 Webdesign f\u00fcr Unternehmen<br data-start=\"688\" data-end=\"691\" \/>\u2022 Content-Produktion &amp; Marketing<\/p><p data-start=\"734\" data-end=\"828\">Unser Ziel ist es, Ideen Realit\u00e4t werden zu lassen \u2014 schnell, professionell und einzigartig.<\/p><p data-start=\"835\" data-end=\"925\">Bei ALANI erhalten Sie keine Massenware, sondern individuelle Produkte mit Pers\u00f6nlichkeit.<\/p><\/blockquote>\t\t\t\t\t\t\t\t<\/div>\n\t\t\t\t<\/div>\n\t\t\t\t\t<\/div>\n\t\t\t\t<\/div>\n\t\t<div class=\"elementor-element elementor-element-4db5e3f e-flex e-con-boxed e-con e-parent\" data-id=\"4db5e3f\" data-element_type=\"container\" data-e-type=\"container\" data-settings=\"{&quot;background_background&quot;:&quot;gradient&quot;}\">\n\t\t\t\t\t<div class=\"e-con-inner\">\n\t\t\t\t<div class=\"elementor-element elementor-element-b44d911 elementor-widget elementor-widget-text-editor\" data-id=\"b44d911\" data-element_type=\"widget\" data-e-type=\"widget\" data-widget_type=\"text-editor.default\">\n\t\t\t\t<div class=\"elementor-widget-container\">\n\t\t\t\t\t\t\t\t\t<p>ALANI steht f\u00fcr hochwertige Druckprodukte, moderne Technik und pr\u00e4zise Verarbeitung. <br \/>Jedes Produkt wird individuell gefertigt \u2013 mit Fokus auf Qualit\u00e4t, Details und Langlebigkeit.<\/p>\t\t\t\t\t\t\t\t<\/div>\n\t\t\t\t<\/div>\n\t\t\t\t\t<\/div>\n\t\t\t\t<\/div>\n\t\t\t\t<\/div>\n\t\t","protected":false},"excerpt":{"rendered":"<p>\u00dcber ALANI Premium Druckl\u00f6sungen \u2013 individuell gefertigt mit Pr\u00e4zision. Willkommen bei ALANI \u2013 Your Ideas, Our Creation. Wir sind ein kreatives Tech-Design Studio mit Sitz in Deutschland, spezialisiert auf ma\u00dfgeschneiderte Produkte und digitale L\u00f6sungen f\u00fcr Privatkunden und Unternehmen. Unsere Leistungen verbinden Technologie, Design und Pr\u00e4zision: \u2022 Individueller Textildruck (Sublimation&amp; DTF )\u2022 Lasergravuren auf Holz, Glas [&hellip;]<\/p>\n","protected":false},"author":1,"featured_media":0,"parent":0,"menu_order":0,"comment_status":"closed","ping_status":"closed","template":"","meta":{"footnotes":""},"class_list":["post-2092","page","type-page","status-publish","hentry"],"_hostinger_reach_plugin_has_subscription_block":false,"_hostinger_reach_plugin_is_elementor":false,"_links":{"self":[{"href":"https:\/\/alanigroup.de\/index.php?rest_route=\/wp\/v2\/pages\/2092","targetHints":{"allow":["GET"]}}],"collection":[{"href":"https:\/\/alanigroup.de\/index.php?rest_route=\/wp\/v2\/pages"}],"about":[{"href":"https:\/\/alanigroup.de\/index.php?rest_route=\/wp\/v2\/types\/page"}],"author":[{"embeddable":true,"href":"https:\/\/alanigroup.de\/index.php?rest_route=\/wp\/v2\/users\/1"}],"replies":[{"embeddable":true,"href":"https:\/\/alanigroup.de\/index.php?rest_route=%2Fwp%2Fv2%2Fcomments&post=2092"}],"version-history":[{"count":14,"href":"https:\/\/alanigroup.de\/index.php?rest_route=\/wp\/v2\/pages\/2092\/revisions"}],"predecessor-version":[{"id":2261,"href":"https:\/\/alanigroup.de\/index.php?rest_route=\/wp\/v2\/pages\/2092\/revisions\/2261"}],"wp:attachment":[{"href":"https:\/\/alanigroup.de\/index.php?rest_route=%2Fwp%2Fv2%2Fmedia&parent=2092"}],"curies":[{"name":"wp","href":"https:\/\/api.w.org\/{rel}","templated":true}]}}